{"id":47,"date":"2025-04-06T20:30:37","date_gmt":"2025-04-06T20:30:37","guid":{"rendered":"https:\/\/kselektra.nl\/?page_id=47"},"modified":"2025-06-30T20:12:23","modified_gmt":"2025-06-30T20:12:23","slug":"about-ks-elektra","status":"publish","type":"page","link":"https:\/\/kselektra.nl\/?page_id=47","title":{"rendered":"KS Elektra Zwolle"},"content":{"rendered":"\n<p>Bij KS Elektra Zwolle geloven we in totaaloplossingen die jouw woning of bedrijfspand comfortabel, veilig en toekomstbestendig maken. Daarom bieden wij zowel elektrotechnische diensten als loodgieterswerk aan. Zo heb jij \u00e9\u00e9n betrouwbaar aanspreekpunt voor al je installaties \u2013 van de meterkast tot aan de waterleidingen.&nbsp;<\/p>\n\n\n\n<p>Onze ervaren vakmensen staan garant voor vakwerk, veiligheid en maatwerk, of het nu gaat om het aanleggen van een nieuwe elektrische installatie, het verleggen van leidingen.&nbsp;<\/p>\n\n\n\n<p>Of je nu gaat bouwen, verbouwen of simpelweg je huidige installaties wilt verbeteren en onderhouden: met KS Installaties ben je verzekerd van deskundigheid en persoonlijke service in Zwolle en in heel Nederland.&nbsp;<\/p>\n\n\n\n<figure class=\"wp-block-image alignwide size-full\"><img loading=\"lazy\" decoding=\"async\" width=\"2560\" height=\"1920\" src=\"https:\/\/kselektra.nl\/wp-content\/uploads\/2025\/06\/WhatsApp-Image-2025-06-30-at-22.08.15-scaled.jpeg\" alt=\"\" class=\"wp-image-380\" srcset=\"https:\/\/kselektra.nl\/wp-content\/uploads\/2025\/06\/WhatsApp-Image-2025-06-30-at-22.08.15-scaled.jpeg 2560w, https:\/\/kselektra.nl\/wp-content\/uploads\/2025\/06\/WhatsApp-Image-2025-06-30-at-22.08.15-300x225.jpeg 300w, https:\/\/kselektra.nl\/wp-content\/uploads\/2025\/06\/WhatsApp-Image-2025-06-30-at-22.08.15-1024x768.jpeg 1024w, https:\/\/kselektra.nl\/wp-content\/uploads\/2025\/06\/WhatsApp-Image-2025-06-30-at-22.08.15-768x576.jpeg 768w, https:\/\/kselektra.nl\/wp-content\/uploads\/2025\/06\/WhatsApp-Image-2025-06-30-at-22.08.15-1536x1152.jpeg 1536w, https:\/\/kselektra.nl\/wp-content\/uploads\/2025\/06\/WhatsApp-Image-2025-06-30-at-22.08.15-2048x1536.jpeg 2048w\" sizes=\"auto, (max-width: 2560px) 100vw, 2560px\" \/><\/figure>\n\n\n\n<p>Waarom kiezen voor KS Elektra Zwolle?&nbsp;<\/p>\n\n\n\n<ul class=\"wp-block-list\">\n<li>Elektrotechniek en loodgieterswerk uit \u00e9\u00e9n hand&nbsp;<br>Bespaar tijd en geld met onze gecombineerde diensten. E\u00e9n aanspreekpunt voor al je elektrische en waterinstallaties.&nbsp;<\/li>\n<\/ul>\n\n\n\n<ul class=\"wp-block-list\">\n<li>Gecertificeerd vakmanschap&nbsp;<br>Onze installateurs zijn gecertificeerd volgens NEN 1010, NEN 3140 en gasveiligheid, zodat jouw installatie altijd aan de strengste veiligheidseisen voldoet.&nbsp;<\/li>\n<\/ul>\n\n\n\n<ul class=\"wp-block-list\">\n<li>Duurzame en energiezuinige oplossingen&nbsp;<br>Wij integreren&nbsp;LED-verlichting, zonnepanelen, warmtepompen en slimme laadpalen voor maximale energie-effici\u00ebntie.&nbsp;<\/li>\n<\/ul>\n\n\n\n<ul class=\"wp-block-list\">\n<li>Persoonlijk maatwerk voor woningen en bedrijven&nbsp;<br>Iedere situatie is uniek. Wij bieden een installatie-oplossing die perfect aansluit op jouw wensen en budget.&nbsp;<\/li>\n<\/ul>\n\n\n\n<p>Snel en betrouwbaar service- en storingsdienst&nbsp;<br>Wij staan voor je klaar met vakkundige hulp bij storingen en onderhoud.&nbsp;<\/p>\n\n\n\n<div class=\"wp-block-buttons is-layout-flex wp-block-buttons-is-layout-flex\">\n<div class=\"wp-block-button\"><a class=\"wp-block-button__link wp-element-button\" href=\"https:\/\/kselektra.nl\/?page_id=79\">Gratis Adviesgesprek<\/a><\/div>\n<\/div>\n","protected":false},"excerpt":{"rendered":"<p>Bij KS Elektra Zwolle geloven we in totaaloplossingen die jouw woning of bedrijfspand comfortabel, veilig en toekomstbestendig maken. Daarom bieden wij zowel elektrotechnische diensten als loodgieterswerk aan. Zo heb jij \u00e9\u00e9n betrouwbaar aanspreekpunt voor al je installaties \u2013 van de meterkast tot aan de waterleidingen.&nbsp; Onze ervaren vakmensen staan garant voor vakwerk, veiligheid en maatwerk,&#8230;<\/p>\n","protected":false},"author":1,"featured_media":0,"parent":0,"menu_order":0,"comment_status":"closed","ping_status":"closed","template":"","meta":{"footnotes":""},"class_list":["post-47","page","type-page","status-publish","hentry"],"_links":{"self":[{"href":"https:\/\/kselektra.nl\/index.php?rest_route=\/wp\/v2\/pages\/47","targetHints":{"allow":["GET"]}}],"collection":[{"href":"https:\/\/kselektra.nl\/index.php?rest_route=\/wp\/v2\/pages"}],"about":[{"href":"https:\/\/kselektra.nl\/index.php?rest_route=\/wp\/v2\/types\/page"}],"author":[{"embeddable":true,"href":"https:\/\/kselektra.nl\/index.php?rest_route=\/wp\/v2\/users\/1"}],"replies":[{"embeddable":true,"href":"https:\/\/kselektra.nl\/index.php?rest_route=%2Fwp%2Fv2%2Fcomments&post=47"}],"version-history":[{"count":6,"href":"https:\/\/kselektra.nl\/index.php?rest_route=\/wp\/v2\/pages\/47\/revisions"}],"predecessor-version":[{"id":381,"href":"https:\/\/kselektra.nl\/index.php?rest_route=\/wp\/v2\/pages\/47\/revisions\/381"}],"wp:attachment":[{"href":"https:\/\/kselektra.nl\/index.php?rest_route=%2Fwp%2Fv2%2Fmedia&parent=47"}],"curies":[{"name":"wp","href":"https:\/\/api.w.org\/{rel}","templated":true}]}}